{"id":164,"date":"2017-01-18T17:37:02","date_gmt":"2017-01-18T17:37:02","guid":{"rendered":"http:\/\/anthemes.com\/themes\/food\/?page_id=164"},"modified":"2024-08-12T12:32:07","modified_gmt":"2024-08-12T10:32:07","slug":"pizzerie-zona-torino","status":"publish","type":"page","link":"https:\/\/www.pizzerieatorino.it\/fr\/pizzerie-zona-torino\/","title":{"rendered":"Zone di Torino ed elenco pizzerie"},"content":{"rendered":"<div data-elementor-type=\"wp-page\" data-elementor-id=\"164\" class=\"elementor elementor-164\" data-elementor-post-type=\"page\">\n\t\t\t\t<div class=\"elementor-element elementor-element-85a8296 e-flex e-con-boxed wpr-particle-no wpr-jarallax-no wpr-parallax-no wpr-sticky-section-no e-con e-parent\" data-id=\"85a8296\" data-element_type=\"container\">\n\t\t\t\t\t<div class=\"e-con-inner\">\n\t\t\t\t<div class=\"elementor-element elementor-element-3bcd35b elementor-widget elementor-widget-text-editor\" data-id=\"3bcd35b\" data-element_type=\"widget\" data-widget_type=\"text-editor.default\">\n\t\t\t\t<div class=\"elementor-widget-container\">\n\t\t\t<style>\/*! elementor - v3.22.0 - 17-06-2024 *\/\n.elementor-widget-text-editor.elementor-drop-cap-view-stacked .elementor-drop-cap{background-color:#69727d;color:#fff}.elementor-widget-text-editor.elementor-drop-cap-view-framed .elementor-drop-cap{color:#69727d;border:3px solid;background-color:transparent}.elementor-widget-text-editor:not(.elementor-drop-cap-view-default) .elementor-drop-cap{margin-top:8px}.elementor-widget-text-editor:not(.elementor-drop-cap-view-default) .elementor-drop-cap-letter{width:1em;height:1em}.elementor-widget-text-editor .elementor-drop-cap{float:left;text-align:center;line-height:1;font-size:50px}.elementor-widget-text-editor .elementor-drop-cap-letter{display:inline-block}<\/style>\t\t\t\t<h3>Zone di Torino: Guida alle Circoscrizioni della Citt\u00e0<\/h3>\n<p>Torino \u00e8 suddivisa in diverse&nbsp;<a href=\"http:\/\/www.comune.torino.it\/decentr\/\" target=\"_blank\">circoscrizioni<\/a>, ognuna delle quali comprende pi\u00f9&nbsp;<a href=\"https:\/\/www.pizzerieatorino.it\/fr\/\" target=\"_blank\">quartieri&nbsp;<\/a>con caratteristiche uniche. Questa suddivisione non solo facilita la gestione amministrativa, ma aiuta anche i cittadini a identificarsi con specifiche zone della citt\u00e0. Di seguito, una panoramica delle circoscrizioni di Torino e dei principali quartieri che le compongono:<\/p>\n<ol>\n<li>\n<p><strong>Circoscrizione 1: Centro &#8211; Crocetta<\/strong><\/p>\n<ul>\n<li><strong>Quartieri:<\/strong> Centro, Crocetta<\/li>\n<li><strong>Sede:<\/strong> Via Bertolotti, 10 &#8211; 10121 Torino<\/li>\n<li><strong>Descrizione:<\/strong> Questa \u00e8 l&#8217;area centrale di Torino, dove si trovano i principali punti di interesse storico, culturale e commerciale della citt\u00e0, compresa la prestigiosa zona residenziale della Crocetta.<\/li>\n<\/ul>\n<\/li>\n<li>\n<p><strong>Circoscrizione 2: Santa Rita &#8211; Mirafiori Nord &#8211; Mirafiori Sud<\/strong><\/p>\n<ul>\n<li><strong>Quartieri:<\/strong> Santa Rita, Mirafiori Nord, Mirafiori Sud<\/li>\n<li><strong>Sede:<\/strong> Strada Comunale di Mirafiori, 7 &#8211; 10135 Torino<\/li>\n<li><strong>Descrizione:<\/strong> Una vasta area residenziale che comprende quartieri vivaci e zone verdi, come il Parco Colonnetti e lo Stadio Olimpico.<\/li>\n<\/ul>\n<\/li>\n<li>\n<p><strong>Circoscrizione 3: San Paolo &#8211; Cenisia &#8211; Pozzo Strada &#8211; Cit Turin &#8211; Borgata Lesna<\/strong><\/p>\n<ul>\n<li><strong>Quartieri:<\/strong> San Paolo, Cenisia, Pozzo Strada, Cit Turin, Borgata Lesna<\/li>\n<li><strong>Sede:<\/strong> Corso Peschiera, 193 &#8211; 10141 Torino<\/li>\n<li><strong>Descrizione:<\/strong> Zona conosciuta per la sua vivacit\u00e0, caratterizzata da un mix di vecchie case di ringhiera e nuovi edifici, con un forte senso di comunit\u00e0.<\/li>\n<\/ul>\n<\/li>\n<li>\n<p><strong>Circoscrizione 4: San Donato &#8211; Campidoglio &#8211; Parella<\/strong><\/p>\n<ul>\n<li><strong>Quartieri:<\/strong> San Donato, Campidoglio, Parella<\/li>\n<li><strong>Sede:<\/strong> Via Servais, 5 ang. Corso Montegrappa &#8211; 10146 Torino<\/li>\n<li><strong>Descrizione:<\/strong> Questa area include quartieri residenziali ben serviti, con numerosi spazi verdi e una forte tradizione culturale.<\/li>\n<\/ul>\n<\/li>\n<li>\n<p><strong>Circoscrizione 5: Borgo Vittoria &#8211; Madonna di Campagna &#8211; Lucento &#8211; Vallette<\/strong><\/p>\n<ul>\n<li><strong>Quartieri:<\/strong> Borgo Vittoria, Madonna di Campagna, Lucento, Vallette<\/li>\n<li><strong>Sede:<\/strong> Via Stradella, 192 &#8211; 10147 Torino<\/li>\n<li><strong>Descrizione:<\/strong> Una delle zone pi\u00f9 popolose di Torino, con quartieri che offrono una vasta gamma di servizi e infrastrutture.<\/li>\n<\/ul>\n<\/li>\n<li>\n<p><strong>Circoscrizione 6: Barriera di Milano &#8211; Regio Parco &#8211; Barca &#8211; Bertolla &#8211; Falchera &#8211; Rebaudengo &#8211; Villaretto<\/strong><\/p>\n<ul>\n<li><strong>Quartieri:<\/strong> Barriera di Milano, Regio Parco, Barca, Bertolla, Falchera, Rebaudengo, Villaretto<\/li>\n<li><strong>Sede:<\/strong> Via San Benigno, 22 &#8211; 10154 Torino<\/li>\n<li><strong>Descrizione:<\/strong> Zona industriale e residenziale che sta vivendo una riqualificazione significativa, con un crescente numero di attivit\u00e0 culturali e commerciali.<\/li>\n<\/ul>\n<\/li>\n<li>\n<p><strong>Circoscrizione 7: Aurora &#8211; Vanchiglia &#8211; Sassi &#8211; Madonna del Pilone<\/strong><\/p>\n<ul>\n<li><strong>Quartieri:<\/strong> Aurora, Vanchiglia, Sassi, Madonna del Pilone<\/li>\n<li><strong>Sede:<\/strong> Corso Vercelli, 15 &#8211; 10152 Torino<\/li>\n<li><strong>Descrizione:<\/strong> Include aree storiche e dinamiche, come Vanchiglia, noto per la sua movida, e Aurora, in fase di rinascita urbana.<\/li>\n<\/ul>\n<\/li>\n<li>\n<p><strong>Circoscrizione 8: San Salvario &#8211; Cavoretto &#8211; Borgo Po &#8211; Nizza Millefonti &#8211; Lingotto &#8211; Filadelfia<\/strong><\/p>\n<ul>\n<li><strong>Quartieri:<\/strong> San Salvario, Cavoretto, Borgo Po, Nizza Millefonti, Lingotto, Filadelfia<\/li>\n<li><strong>Sede:<\/strong> Corso Corsica, 55 &#8211; 10135 Torino<\/li>\n<li><strong>Descrizione:<\/strong> Una circoscrizione che unisce zone centrali e periferiche, caratterizzata da una grande variet\u00e0 di stili architettonici e atmosfere diverse, dal vivace San Salvario al pi\u00f9 tranquillo Borgo Po.<\/li>\n<\/ul>\n<\/li>\n<\/ol>\n<p>Questa suddivisione rappresenta la ricca diversit\u00e0 di Torino, offrendo a residenti e visitatori l\u2019opportunit\u00e0 di esplorare e vivere la citt\u00e0 in tutta la sua complessit\u00e0 e bellezza.<\/p>\t\t\t\t\t\t<\/div>\n\t\t\t\t<\/div>\n\t\t\t\t\t<\/div>\n\t\t\t\t<\/div>\n\t\t\t\t<\/div>","protected":false},"excerpt":{"rendered":"<p>Zone di Torino: Guida alle Circoscrizioni della Citt\u00e0 Torino \u00e8 suddivisa in diverse&nbsp;circoscrizioni, ognuna delle quali comprende pi\u00f9&nbsp;quartieri&nbsp;con caratteristiche uniche. Questa suddivisione non solo facilita la gestione amministrativa, ma aiuta anche i cittadini a identificarsi con specifiche zone della citt\u00e0. Di seguito, una panoramica delle circoscrizioni di Torino e dei principali quartieri che le compongono: Circoscrizione 1: Centro &#8211; Crocetta Quartieri: Centro, Crocetta Sede: Via Bertolotti, 10 &#8211; 10121 Torino Descrizione: Questa \u00e8 l&#8217;area centrale di Torino, dove si trovano i principali punti di interesse storico, culturale e commerciale della citt\u00e0, compresa la prestigiosa zona residenziale della Crocetta. Circoscrizione 2: Santa Rita &#8211; Mirafiori Nord &#8211; Mirafiori Sud Quartieri: Santa Rita, Mirafiori Nord, Mirafiori Sud Sede: Strada Comunale di Mirafiori, 7 &#8211; 10135 Torino Descrizione: Una vasta area residenziale che comprende quartieri vivaci e zone verdi, come il Parco Colonnetti e lo Stadio Olimpico. Circoscrizione 3: San Paolo &#8211; Cenisia &#8211; Pozzo Strada &#8211; Cit Turin &#8211; Borgata Lesna Quartieri: San Paolo, Cenisia, Pozzo Strada, Cit Turin, Borgata Lesna Sede: Corso Peschiera, 193 &#8211; 10141 Torino Descrizione: Zona conosciuta per la sua vivacit\u00e0, caratterizzata da un mix di vecchie case di ringhiera e nuovi edifici, con un forte senso di comunit\u00e0. Circoscrizione 4: San Donato &#8211; Campidoglio &#8211; Parella Quartieri: San Donato, Campidoglio, Parella Sede: Via Servais, 5 ang. Corso Montegrappa &#8211; 10146 Torino Descrizione: Questa area include quartieri residenziali ben serviti, con numerosi spazi verdi e una forte tradizione culturale. Circoscrizione 5: Borgo Vittoria &#8211; Madonna di Campagna &#8211; Lucento &#8211; Vallette Quartieri: Borgo Vittoria, Madonna di Campagna, Lucento, Vallette Sede: Via Stradella, 192 &#8211; 10147 Torino Descrizione: Una delle zone pi\u00f9 popolose di Torino, con quartieri che offrono una vasta gamma di servizi e infrastrutture. Circoscrizione 6: Barriera di Milano &#8211; Regio Parco &#8211; Barca &#8211; Bertolla &#8211; Falchera &#8211; Rebaudengo &#8211; Villaretto Quartieri: Barriera di Milano, Regio Parco, Barca, Bertolla, Falchera, Rebaudengo, Villaretto Sede: Via San Benigno, 22 &#8211; 10154 Torino Descrizione: Zona industriale e residenziale che sta vivendo una riqualificazione significativa, con un crescente numero di attivit\u00e0 culturali e commerciali. Circoscrizione 7: Aurora &#8211; Vanchiglia &#8211; Sassi &#8211; Madonna del Pilone Quartieri: Aurora, Vanchiglia, Sassi, Madonna del Pilone Sede: Corso Vercelli, 15 &#8211; 10152 Torino Descrizione: Include aree storiche e dinamiche, come Vanchiglia, noto per la sua movida, e Aurora, in fase di rinascita urbana. Circoscrizione 8: San Salvario &#8211; Cavoretto &#8211; Borgo Po &#8211; Nizza Millefonti &#8211; Lingotto &#8211; Filadelfia Quartieri: San Salvario, Cavoretto, Borgo Po, Nizza Millefonti, Lingotto, Filadelfia Sede: Corso Corsica, 55 &#8211; 10135 Torino Descrizione: Una circoscrizione che unisce zone centrali e periferiche, caratterizzata da una grande variet\u00e0 di stili architettonici e atmosfere diverse, dal vivace San Salvario al pi\u00f9 tranquillo Borgo Po. Questa suddivisione rappresenta la ricca diversit\u00e0 di Torino, offrendo a residenti e visitatori l\u2019opportunit\u00e0 di esplorare e vivere la citt\u00e0 in tutta la sua complessit\u00e0 e bellezza.<\/p>","protected":false},"author":1,"featured_media":0,"parent":0,"menu_order":0,"comment_status":"closed","ping_status":"closed","template":"template-full-width.php","meta":{"wprm-recipe-roundup-name":"","wprm-recipe-roundup-description":"","_monsterinsights_skip_tracking":false,"_monsterinsights_sitenote_active":false,"_monsterinsights_sitenote_note":"","_monsterinsights_sitenote_category":0,"footnotes":""},"class_list":["post-164","page","type-page","status-publish","hentry"],"yoast_head":"<!-- This site is optimized with the Yoast SEO Premium plugin v22.1 (Yoast SEO v23.6) - https:\/\/yoast.com\/wordpress\/plugins\/seo\/ -->\n<title>Zone di Torino ed elenco pizzerie - Pizzerie a Torino<\/title>\n<meta name=\"description\" content=\"In questa pagina troverai un elenco delle diverse zone di Torino, per permetterti di cercare o trovare pizzerie uniche e straordinarie\" \/>\n<meta name=\"robots\" content=\"index, follow, max-snippet:-1, max-image-preview:large, max-video-preview:-1\" \/>\n<link rel=\"canonical\" href=\"https:\/\/www.pizzerieatorino.it\/fr\/pizzerie-zona-torino\/\" \/>\n<meta property=\"og:locale\" content=\"fr_FR\" \/>\n<meta property=\"og:type\" content=\"article\" \/>\n<meta property=\"og:title\" content=\"Zone di Torino ed elenco pizzerie\" \/>\n<meta property=\"og:description\" content=\"In questa pagina troverai un elenco delle diverse zone di Torino, per permetterti di cercare o trovare pizzerie uniche e straordinarie\" \/>\n<meta property=\"og:url\" content=\"https:\/\/www.pizzerieatorino.it\/fr\/pizzerie-zona-torino\/\" \/>\n<meta property=\"og:site_name\" content=\"Pizzerie a Torino\" \/>\n<meta property=\"article:modified_time\" content=\"2024-08-12T10:32:07+00:00\" \/>\n<meta property=\"og:image\" content=\"https:\/\/www.pizzerieatorino.it\/wp-content\/uploads\/2024\/03\/Rosso-Giallo-Moderno-Illustrato-Pizzeria-Logo-1.png\" \/>\n\t<meta property=\"og:image:width\" content=\"500\" \/>\n\t<meta property=\"og:image:height\" content=\"186\" \/>\n\t<meta property=\"og:image:type\" content=\"image\/png\" \/>\n<meta name=\"twitter:card\" content=\"summary_large_image\" \/>\n<meta name=\"twitter:label1\" content=\"Dur\u00e9e de lecture estim\u00e9e\" \/>\n\t<meta name=\"twitter:data1\" content=\"3 minutes\" \/>\n<script type=\"application\/ld+json\" class=\"yoast-schema-graph\">{\"@context\":\"https:\/\/schema.org\",\"@graph\":[{\"@type\":\"WebPage\",\"@id\":\"https:\/\/www.pizzerieatorino.it\/pizzerie-zona-torino\/\",\"url\":\"https:\/\/www.pizzerieatorino.it\/pizzerie-zona-torino\/\",\"name\":\"Zone di Torino ed elenco pizzerie - Pizzerie a Torino\",\"isPartOf\":{\"@id\":\"https:\/\/www.pizzerieatorino.it\/#website\"},\"datePublished\":\"2017-01-18T17:37:02+00:00\",\"dateModified\":\"2024-08-12T10:32:07+00:00\",\"description\":\"In questa pagina troverai un elenco delle diverse zone di Torino, per permetterti di cercare o trovare pizzerie uniche e straordinarie\",\"breadcrumb\":{\"@id\":\"https:\/\/www.pizzerieatorino.it\/pizzerie-zona-torino\/#breadcrumb\"},\"inLanguage\":\"fr-FR\",\"potentialAction\":[{\"@type\":\"ReadAction\",\"target\":[\"https:\/\/www.pizzerieatorino.it\/pizzerie-zona-torino\/\"]}]},{\"@type\":\"BreadcrumbList\",\"@id\":\"https:\/\/www.pizzerieatorino.it\/pizzerie-zona-torino\/#breadcrumb\",\"itemListElement\":[{\"@type\":\"ListItem\",\"position\":1,\"name\":\"Home\",\"item\":\"https:\/\/www.pizzerieatorino.it\/\"},{\"@type\":\"ListItem\",\"position\":2,\"name\":\"Zone di Torino ed elenco pizzerie\"}]},{\"@type\":\"WebSite\",\"@id\":\"https:\/\/www.pizzerieatorino.it\/#website\",\"url\":\"https:\/\/www.pizzerieatorino.it\/\",\"name\":\"Pizzerie a Torino\",\"description\":\"Pizzerie a Torino\",\"publisher\":{\"@id\":\"https:\/\/www.pizzerieatorino.it\/#organization\"},\"alternateName\":\"Pizzerie a Torino\",\"potentialAction\":[{\"@type\":\"SearchAction\",\"target\":{\"@type\":\"EntryPoint\",\"urlTemplate\":\"https:\/\/www.pizzerieatorino.it\/?s={search_term_string}\"},\"query-input\":{\"@type\":\"PropertyValueSpecification\",\"valueRequired\":true,\"valueName\":\"search_term_string\"}}],\"inLanguage\":\"fr-FR\"},{\"@type\":[\"Organization\",\"Place\"],\"@id\":\"https:\/\/www.pizzerieatorino.it\/#organization\",\"name\":\"Pizzerie a Torino\",\"alternateName\":\"Pizzerie a Torino\",\"url\":\"https:\/\/www.pizzerieatorino.it\/\",\"logo\":{\"@id\":\"https:\/\/www.pizzerieatorino.it\/pizzerie-zona-torino\/#local-main-organization-logo\"},\"image\":{\"@id\":\"https:\/\/www.pizzerieatorino.it\/pizzerie-zona-torino\/#local-main-organization-logo\"},\"sameAs\":[\"https:\/\/www.instagram.com\/pizzanordpassion\/\"],\"telephone\":[],\"openingHoursSpecification\":[{\"@type\":\"OpeningHoursSpecification\",\"dayOfWeek\":[\"Monday\",\"Tuesday\",\"Wednesday\",\"Thursday\",\"Friday\",\"Saturday\",\"Sunday\"],\"opens\":\"09:00\",\"closes\":\"17:00\"}]},{\"@type\":\"ImageObject\",\"inLanguage\":\"fr-FR\",\"@id\":\"https:\/\/www.pizzerieatorino.it\/pizzerie-zona-torino\/#local-main-organization-logo\",\"url\":\"https:\/\/www.pizzerieatorino.it\/wp-content\/uploads\/2024\/06\/cropped-Calcio-a-5-1.png\",\"contentUrl\":\"https:\/\/www.pizzerieatorino.it\/wp-content\/uploads\/2024\/06\/cropped-Calcio-a-5-1.png\",\"width\":512,\"height\":512,\"caption\":\"Pizzerie a Torino\"}]}<\/script>\n<!-- \/ Yoast SEO Premium plugin. -->","yoast_head_json":{"title":"Zone di Torino ed elenco pizzerie - Pizzerie a Torino","description":"In questa pagina troverai un elenco delle diverse zone di Torino, per permetterti di cercare o trovare pizzerie uniche e straordinarie","robots":{"index":"index","follow":"follow","max-snippet":"max-snippet:-1","max-image-preview":"max-image-preview:large","max-video-preview":"max-video-preview:-1"},"canonical":"https:\/\/www.pizzerieatorino.it\/fr\/pizzerie-zona-torino\/","og_locale":"fr_FR","og_type":"article","og_title":"Zone di Torino ed elenco pizzerie","og_description":"In questa pagina troverai un elenco delle diverse zone di Torino, per permetterti di cercare o trovare pizzerie uniche e straordinarie","og_url":"https:\/\/www.pizzerieatorino.it\/fr\/pizzerie-zona-torino\/","og_site_name":"Pizzerie a Torino","article_modified_time":"2024-08-12T10:32:07+00:00","og_image":[{"width":500,"height":186,"url":"https:\/\/www.pizzerieatorino.it\/wp-content\/uploads\/2024\/03\/Rosso-Giallo-Moderno-Illustrato-Pizzeria-Logo-1.png","type":"image\/png"}],"twitter_card":"summary_large_image","twitter_misc":{"Dur\u00e9e de lecture estim\u00e9e":"3 minutes"},"schema":{"@context":"https:\/\/schema.org","@graph":[{"@type":"WebPage","@id":"https:\/\/www.pizzerieatorino.it\/pizzerie-zona-torino\/","url":"https:\/\/www.pizzerieatorino.it\/pizzerie-zona-torino\/","name":"Zone di Torino ed elenco pizzerie - Pizzerie a Torino","isPartOf":{"@id":"https:\/\/www.pizzerieatorino.it\/#website"},"datePublished":"2017-01-18T17:37:02+00:00","dateModified":"2024-08-12T10:32:07+00:00","description":"In questa pagina troverai un elenco delle diverse zone di Torino, per permetterti di cercare o trovare pizzerie uniche e straordinarie","breadcrumb":{"@id":"https:\/\/www.pizzerieatorino.it\/pizzerie-zona-torino\/#breadcrumb"},"inLanguage":"fr-FR","potentialAction":[{"@type":"ReadAction","target":["https:\/\/www.pizzerieatorino.it\/pizzerie-zona-torino\/"]}]},{"@type":"BreadcrumbList","@id":"https:\/\/www.pizzerieatorino.it\/pizzerie-zona-torino\/#breadcrumb","itemListElement":[{"@type":"ListItem","position":1,"name":"Home","item":"https:\/\/www.pizzerieatorino.it\/"},{"@type":"ListItem","position":2,"name":"Zone di Torino ed elenco pizzerie"}]},{"@type":"WebSite","@id":"https:\/\/www.pizzerieatorino.it\/#website","url":"https:\/\/www.pizzerieatorino.it\/","name":"Pizzerie a Torino","description":"Pizzerie a Torino","publisher":{"@id":"https:\/\/www.pizzerieatorino.it\/#organization"},"alternateName":"Pizzerie a Torino","potentialAction":[{"@type":"SearchAction","target":{"@type":"EntryPoint","urlTemplate":"https:\/\/www.pizzerieatorino.it\/?s={search_term_string}"},"query-input":{"@type":"PropertyValueSpecification","valueRequired":true,"valueName":"search_term_string"}}],"inLanguage":"fr-FR"},{"@type":["Organization","Place"],"@id":"https:\/\/www.pizzerieatorino.it\/#organization","name":"Pizzerie a Torino","alternateName":"Pizzerie a Torino","url":"https:\/\/www.pizzerieatorino.it\/","logo":{"@id":"https:\/\/www.pizzerieatorino.it\/pizzerie-zona-torino\/#local-main-organization-logo"},"image":{"@id":"https:\/\/www.pizzerieatorino.it\/pizzerie-zona-torino\/#local-main-organization-logo"},"sameAs":["https:\/\/www.instagram.com\/pizzanordpassion\/"],"telephone":[],"openingHoursSpecification":[{"@type":"OpeningHoursSpecification","dayOfWeek":["Monday","Tuesday","Wednesday","Thursday","Friday","Saturday","Sunday"],"opens":"09:00","closes":"17:00"}]},{"@type":"ImageObject","inLanguage":"fr-FR","@id":"https:\/\/www.pizzerieatorino.it\/pizzerie-zona-torino\/#local-main-organization-logo","url":"https:\/\/www.pizzerieatorino.it\/wp-content\/uploads\/2024\/06\/cropped-Calcio-a-5-1.png","contentUrl":"https:\/\/www.pizzerieatorino.it\/wp-content\/uploads\/2024\/06\/cropped-Calcio-a-5-1.png","width":512,"height":512,"caption":"Pizzerie a Torino"}]}},"_links":{"self":[{"href":"https:\/\/www.pizzerieatorino.it\/fr\/wp-json\/wp\/v2\/pages\/164","targetHints":{"allow":["GET"]}}],"collection":[{"href":"https:\/\/www.pizzerieatorino.it\/fr\/wp-json\/wp\/v2\/pages"}],"about":[{"href":"https:\/\/www.pizzerieatorino.it\/fr\/wp-json\/wp\/v2\/types\/page"}],"author":[{"embeddable":true,"href":"https:\/\/www.pizzerieatorino.it\/fr\/wp-json\/wp\/v2\/users\/1"}],"replies":[{"embeddable":true,"href":"https:\/\/www.pizzerieatorino.it\/fr\/wp-json\/wp\/v2\/comments?post=164"}],"version-history":[{"count":96,"href":"https:\/\/www.pizzerieatorino.it\/fr\/wp-json\/wp\/v2\/pages\/164\/revisions"}],"predecessor-version":[{"id":3398,"href":"https:\/\/www.pizzerieatorino.it\/fr\/wp-json\/wp\/v2\/pages\/164\/revisions\/3398"}],"wp:attachment":[{"href":"https:\/\/www.pizzerieatorino.it\/fr\/wp-json\/wp\/v2\/media?parent=164"}],"curies":[{"name":"wp","href":"https:\/\/api.w.org\/{rel}","templated":true}]}}